{"id":6,"date":"2015-12-22T22:00:55","date_gmt":"2015-12-22T22:00:55","guid":{"rendered":"http:\/\/madreolgamaria.wordpress.com\/?page_id=1"},"modified":"2015-12-22T22:00:55","modified_gmt":"2015-12-22T22:00:55","slug":"acerca-de","status":"publish","type":"page","link":"https:\/\/madreolgamaria.com\/?page_id=6","title":{"rendered":"\u00bfQuienes somos las Carmelitas Samaritanas?"},"content":{"rendered":"<p style=\"text-align: justify\">Carmelitas Samaritanas: esa es nuestra vocaci\u00f3n, nuestra misi\u00f3n, lo que somos. Lo que queremos ser. Lo que debemos ser. Lo que Jesucristo quiere que seamos y la Iglesia necesita que seamos. \u00a1Carmelitas Samaritanas! Esposas de Cristo en el Carmelo, en este Carmelo \u00abnuevo\u00bb concretamente, y \u00bfqu\u00e9 eso? \u00bfQu\u00e9 es el Carmelo Samaritano? \u00bfQu\u00e9 tiene que ser este Carmelo reci\u00e9n brotado? \u00bfQu\u00e9 es lo que Jes\u00fas quiere, lo que Jes\u00fas espera de esta comunidad?<\/p>\n<p style=\"text-align: justify\">Este Carmelo tiene que tender a ser una l\u00e1mpara viva que se consuma en honor del Coraz\u00f3n de Jesucristo, que lo alumbre. \u00c9ste Carmelo tiene que ser como una doble genuflexi\u00f3n, honda, profunda, que testimonia la grandeza del Creador, que lo adora. Tiene que ser como una jaculatoria, como un canto de alabanza inacabable, perenne, interminable\u2026 como el que vamos a cantar despu\u00e9s en la Gloria, alabando a la Trinidad.<\/p>\n<p style=\"text-align: justify\">Este Carmelo tiene que ser -ante todo- testimonio de unidad, ejemplo de unidad, UT UNUM SINT, que sean uno. Es el deseo supremo de Jes\u00fas en la \u00faltima cena: que los suyos, sus \u00edntimos, sus ap\u00f3stoles, nosotras sus esposas, seamos completamente uno para que el mundo crea. Jes\u00fas tiene sed de esa unidad, de ese testimonio de unidad, para que el mundo crea, porque esa unidad es signo de amor.\u00a0 Es signo de que el Evangelio es v\u00e1lido y real y se hace presente en este mundo. Y el hacer y vivir el Evangelio en este mundo, es realizar la Gran Promesa, ser completamente uno, con una\u00a0 unidad sin fisuras, sin que se resquebraje por ning\u00fan sitio. Una unidad cuyo fundamento, cuya consistencia, cuyo v\u00ednculo, es \u00c9l, es Jes\u00fas, es el amor de Cristo.<\/p>\n<p style=\"text-align: justify\">Este Carmelo tiene que ser tambi\u00e9n, como el publicano en el Evangelio, que se inclina con\u00a0 sincera humildad, golpe\u00e1ndose el pecho y pidiendo misericordia, para s\u00ed y para el mundo entero. <em>\u201c\u00a1Oh Dios ten misericordia de m\u00ed que soy un pecador!\u201d<\/em>, repet\u00eda el publicano. Nosotras, en comunidad, tenemos que ser ese publicano, consciente de la propia pobreza, que pide misericordia para s\u00ed y para la humanidad entera.<\/p>\n<p style=\"text-align: justify\"><img loading=\"lazy\" decoding=\"async\" class=\" size-medium wp-image-29 alignleft\" src=\"https:\/\/madreolgamaria.files.wordpress.com\/2015\/12\/cropped-diapositiva49-e1450827499543.jpg?w=300\" alt=\"cropped-diapositiva49-e1450827499543.jpg\" width=\"300\" height=\"169\" srcset=\"https:\/\/madreolgamaria.com\/wp-content\/uploads\/2015\/12\/cropped-diapositiva49-e1450827499543.jpg 1020w, https:\/\/madreolgamaria.com\/wp-content\/uploads\/2015\/12\/cropped-diapositiva49-e1450827499543-300x169.jpg 300w, https:\/\/madreolgamaria.com\/wp-content\/uploads\/2015\/12\/cropped-diapositiva49-e1450827499543-768x431.jpg 768w\" sizes=\"auto, (max-width: 300px) 100vw, 300px\" \/>Este Carmelo tiene que ser un sacerdote que ofrece a Jesucristo al Padre, que le venera, que le adora, que le ama, que le trae al mundo y ofrece el sacrificio de Cristo al Padre. Tiene que ser como dos manos envejecidas, trabajadas, entregadas, que sostienen\u00a0 una patena ante el Coraz\u00f3n de Cristo, en la que descansa la humanidad toda. Este Carmelo tiene que ser eso: tiene que convertirse en esas manos sacerdotales, que elevan\u00a0 la patena que contiene\u00a0 la\u00a0 humanidad entera, con toda su\u00a0 miseria, con todo su pecado, con todo su dolor, y es ofrecida junto con Cristo al Padre. Tenemos que prestarle a Jes\u00fas ese servicio. A Jes\u00fas y a la Iglesia.<\/p>\n<p style=\"text-align: justify\">Este Carmelo es, tiene que ser -nuestra Santa Madre quer\u00eda que fuera- un cielo anticipado antes de que la vida haya terminado, un tiempo robado a la eternidad.<\/p>\n<p style=\"text-align: justify\">Este Carmelo tiene que ser un Mois\u00e9s en lo alto del monte, rogando por todos los que pelean en la llanura. Tenemos que estar ah\u00ed orando, rogando, pidiendo, con los brazos en alto, como Mois\u00e9s. Tenemos que ser tambi\u00e9n, como Juan el Bautista, que iba delante del Se\u00f1or prepar\u00e1ndole el camino,\u00a0 anunci\u00e1ndole.<\/p>\n<p style=\"text-align: justify\">Y por \u00faltimo\u2026 tenemos que llegar a ser Jes\u00fas mismo. \u00a1Jes\u00fas!\u00a0 Jes\u00fas que llora y se lamenta por las gentes de Jerusal\u00e9n que no amaban, que no eran capaces de amar, ni de acoger el don de Dios. Tenemos que ser Jes\u00fas mismo, que por ellos llora, y por ellos muere.<\/p>\n<p style=\"text-align: justify\">Todo esto son peque\u00f1os matices, diversas caras, de la misma misi\u00f3n: la de \u00a0estar ah\u00ed con \u00c9l, la de ser de \u00c9l, pertenecerle a \u00c9l. Y tambi\u00e9n la de ser amor, ser Jes\u00fas, ser completamente \u00c9l. Menguando para que El crezca, para que venga su reino.<\/p>\n<p style=\"text-align: justify\">Las Carmelitas Samaritanas&#8230; \u00bfqu\u00e9 somos? \u00bfqu\u00e9 tenemos que ser cada una? Tenemos que ser sencillamente la esposa fiel, entregada, amante de Jesucristo. Tenemos que ser mujeres llenas, plenas, plenas de vida. Que dan vida, porque viven para el que es la Vida. Tenemos que ser aquellas que hacemos de los hijos de Ad\u00e1n, hijos del Padre. Engendrar continuamente almas a la vida de la Gracia, a la vida de Dios. Aumentar sin fin el n\u00famero de los hijos de Dios.<\/p>\n<p style=\"text-align: justify\">Tenemos que ser aquellas que vamos presurosas al encuentro de Jes\u00fas, al encuentro del Se\u00f1or. Tenemos que unirnos a Cristo en sus vigilias de oraci\u00f3n, en sus momentos de intimidad con el Padre, a Jesucristo que ah\u00ed -en la Eucarist\u00eda- est\u00e1 orando al Padre como un puente entre Dios y los hombres. Tenemos que estar adheridas a \u00c9l. Vivir con el alma arrodillada, junto a \u00c9l, para rogar al Padre, para alabar al Padre. Y para ser crucificadas con \u00c9l. Vivir como \u00c9l: con los brazos abiertos entre el cielo y la tierra, acogiendo a todos esos hijos que hemos engendrado y entr\u00e1ndolosa la gloria. Si es necesario&#8230; meti\u00e9ndolos en el cielo\u00a0 a empujones. Y clamando con Jes\u00fas: <em>\u201cPadre perd\u00f3nales, porque no saben lo que hacen.\u201d<\/em><\/p>\n<p><img loading=\"lazy\" decoding=\"async\" class=\"  wp-image-40 aligncenter\" src=\"https:\/\/madreolgamaria.files.wordpress.com\/2015\/12\/23756037135_f9ee3b8102_k.jpg?w=300\" alt=\"23756037135_f9ee3b8102_k\" width=\"313\" height=\"215\" srcset=\"https:\/\/madreolgamaria.com\/wp-content\/uploads\/2015\/12\/23756037135_f9ee3b8102_k.jpg 2048w, https:\/\/madreolgamaria.com\/wp-content\/uploads\/2015\/12\/23756037135_f9ee3b8102_k-300x206.jpg 300w, https:\/\/madreolgamaria.com\/wp-content\/uploads\/2015\/12\/23756037135_f9ee3b8102_k-1024x702.jpg 1024w, https:\/\/madreolgamaria.com\/wp-content\/uploads\/2015\/12\/23756037135_f9ee3b8102_k-768x527.jpg 768w, https:\/\/madreolgamaria.com\/wp-content\/uploads\/2015\/12\/23756037135_f9ee3b8102_k-1536x1053.jpg 1536w\" sizes=\"auto, (max-width: 313px) 100vw, 313px\" \/><\/p>\n<p style=\"text-align: justify\">Tenemos que ser ese grito de perd\u00f3n al Padre. Tenemos que cargar, como Jes\u00fas, sobre nosotras el pecado del mundo, llev\u00e1ndolo al pat\u00edbulo, llev\u00e1ndolo a la Cruz. Empaparnos en la Sangre y el Agua del Costado y lavar todo ese pecado. Y ofrecerle al Padre hijos regenerados, nuevos, vivos, resucitados para siempre\u2026 hijos en el Hijo Primog\u00e9nito. Esa es nuestra misi\u00f3n: \u00a1Dame almas y qu\u00edtame todo! \u00a1\u00a1Dame almas y qu\u00edtame todo!!<\/p>\n<p style=\"text-align: justify\">Tenemos que ser las que, abrazadas a \u00c9l, clavadas y traspasadas con \u00c9l,\u00a0 suframos su sed, esa sed acuciante, abrasadora&#8230; \u00a1\u00a1Ojal\u00e1!! \u00a1ojal\u00e1 que esa sed nos consuma!\u00a0 Y al mismo tiempo tenemos que ser el agua que calme esa sed. Ser la gota de agua fresca, transparente, que en los labios de Jes\u00fas, suaviza un poco el tormento de su sed, alivia un poco esa sed.<\/p>\n<p style=\"text-align: justify\">Todo eso y mucho m\u00e1s -pero no quiero seguir ya- es lo que tiene que ser este Carmelo, pero sobre todo&#8230;\u00a0unas manos que sostienen una patena y se elevan a Dios ofreciendo la humanidad. Creo que eso es lo m\u00e1s importante, la idea m\u00e1s fuerte, la m\u00e1s central: esas manos elevando en una patena la humanidad entera. Tenemos que tirar de toda la humanidad hacia arriba,\u00a0 y elevarla al Padre. A un mundo pagano, olvidado de Dios, alejado de \u00c9l, que le ignora, tenemos que ponerlo en esa patena y no cansarnos nunca de ofrecerlo, de elevar las manos y arrastrar hacia el cielo a la humanidad.<\/p>\n<p><img loading=\"lazy\" decoding=\"async\" class=\"wp-image-41 aligncenter\" src=\"https:\/\/madreolgamaria.files.wordpress.com\/2015\/12\/img_20150713_130300.jpg?w=265\" alt=\"IMG_20150713_130300\" width=\"225\" height=\"255\" srcset=\"https:\/\/madreolgamaria.com\/wp-content\/uploads\/2015\/12\/img_20150713_130300.jpg 1005w, https:\/\/madreolgamaria.com\/wp-content\/uploads\/2015\/12\/img_20150713_130300-265x300.jpg 265w, https:\/\/madreolgamaria.com\/wp-content\/uploads\/2015\/12\/img_20150713_130300-905x1024.jpg 905w, https:\/\/madreolgamaria.com\/wp-content\/uploads\/2015\/12\/img_20150713_130300-768x869.jpg 768w\" sizes=\"auto, (max-width: 225px) 100vw, 225px\" \/><\/p>\n","protected":false},"excerpt":{"rendered":"<p>Carmelitas Samaritanas: esa es nuestra vocaci\u00f3n, nuestra misi\u00f3n, lo que somos. Lo que queremos ser. Lo que debemos ser. Lo que Jesucristo quiere que seamos y la Iglesia necesita que seamos. \u00a1Carmelitas Samaritanas! Esposas de Cristo en el Carmelo, en este Carmelo \u00abnuevo\u00bb concretamente, y \u00bfqu\u00e9 eso? \u00bfQu\u00e9 es el Carmelo Samaritano? \u00bfQu\u00e9 tiene que [&hellip;]<\/p>\n","protected":false},"author":2,"featured_media":0,"parent":0,"menu_order":0,"comment_status":"open","ping_status":"open","template":"","meta":{"footnotes":""},"tags":[],"class_list":["post-6","page","type-page","status-publish","hentry"],"jetpack_sharing_enabled":true,"_links":{"self":[{"href":"https:\/\/madreolgamaria.com\/index.php?rest_route=\/wp\/v2\/pages\/6","targetHints":{"allow":["GET"]}}],"collection":[{"href":"https:\/\/madreolgamaria.com\/index.php?rest_route=\/wp\/v2\/pages"}],"about":[{"href":"https:\/\/madreolgamaria.com\/index.php?rest_route=\/wp\/v2\/types\/page"}],"author":[{"embeddable":true,"href":"https:\/\/madreolgamaria.com\/index.php?rest_route=\/wp\/v2\/users\/2"}],"replies":[{"embeddable":true,"href":"https:\/\/madreolgamaria.com\/index.php?rest_route=%2Fwp%2Fv2%2Fcomments&post=6"}],"version-history":[{"count":0,"href":"https:\/\/madreolgamaria.com\/index.php?rest_route=\/wp\/v2\/pages\/6\/revisions"}],"wp:attachment":[{"href":"https:\/\/madreolgamaria.com\/index.php?rest_route=%2Fwp%2Fv2%2Fmedia&parent=6"}],"wp:term":[{"taxonomy":"post_tag","embeddable":true,"href":"https:\/\/madreolgamaria.com\/index.php?rest_route=%2Fwp%2Fv2%2Ftags&post=6"}],"curies":[{"name":"wp","href":"https:\/\/api.w.org\/{rel}","templated":true}]}}