{"id":45,"date":"2015-12-23T08:59:41","date_gmt":"2015-12-23T06:59:41","guid":{"rendered":"https:\/\/madreolgamaria.wordpress.com\/?page_id=45"},"modified":"2015-12-23T08:59:41","modified_gmt":"2015-12-23T06:59:41","slug":"senor-a-quien-iremos","status":"publish","type":"page","link":"https:\/\/madreolgamaria.com\/?page_id=45","title":{"rendered":"Se\u00f1or&#8230; \u00bfa qui\u00e9n iremos?"},"content":{"rendered":"<p style=\"text-align:justify;\">El pasado 13 de diciembre de 2015 vivimos un momento \u00fanico para las Carmelitas Samaritanas: acudimos a la apertura de la Puerta Santa en nuestra di\u00f3cesis en la Bas\u00edlica Santuario Nacional de la Gran Promesa. Fuimos TODAS juntas y pudimos orar juntas de rodillas en aquel lugar santo, contemplando aquella imagen bendita que nos acog\u00eda con los brazos abiertos y nos gritaba \u00a1\u00a1VENID A MI!! \u00a0<a href=\"https:\/\/www.youtube.com\/watch?v=m_Zxxh12Vg0\" target=\"_blank\" rel=\"noopener\">M\u00edralo&#8230;<\/a>\u00a0(haz click)<\/p>\n","protected":false},"excerpt":{"rendered":"<p>El pasado 13 de diciembre de 2015 vivimos un momento \u00fanico para las Carmelitas Samaritanas: acudimos a la apertura de la Puerta Santa en nuestra di\u00f3cesis en la Bas\u00edlica Santuario Nacional de la Gran Promesa. Fuimos TODAS juntas y pudimos orar juntas de rodillas en aquel lugar santo, contemplando aquella imagen bendita que nos acog\u00eda [&hellip;]<\/p>\n","protected":false},"author":2,"featured_media":0,"parent":0,"menu_order":0,"comment_status":"closed","ping_status":"closed","template":"","meta":{"footnotes":""},"tags":[],"class_list":["post-45","page","type-page","status-publish","hentry"],"jetpack_sharing_enabled":true,"_links":{"self":[{"href":"https:\/\/madreolgamaria.com\/index.php?rest_route=\/wp\/v2\/pages\/45","targetHints":{"allow":["GET"]}}],"collection":[{"href":"https:\/\/madreolgamaria.com\/index.php?rest_route=\/wp\/v2\/pages"}],"about":[{"href":"https:\/\/madreolgamaria.com\/index.php?rest_route=\/wp\/v2\/types\/page"}],"author":[{"embeddable":true,"href":"https:\/\/madreolgamaria.com\/index.php?rest_route=\/wp\/v2\/users\/2"}],"replies":[{"embeddable":true,"href":"https:\/\/madreolgamaria.com\/index.php?rest_route=%2Fwp%2Fv2%2Fcomments&post=45"}],"version-history":[{"count":0,"href":"https:\/\/madreolgamaria.com\/index.php?rest_route=\/wp\/v2\/pages\/45\/revisions"}],"wp:attachment":[{"href":"https:\/\/madreolgamaria.com\/index.php?rest_route=%2Fwp%2Fv2%2Fmedia&parent=45"}],"wp:term":[{"taxonomy":"post_tag","embeddable":true,"href":"https:\/\/madreolgamaria.com\/index.php?rest_route=%2Fwp%2Fv2%2Ftags&post=45"}],"curies":[{"name":"wp","href":"https:\/\/api.w.org\/{rel}","templated":true}]}}